{"id":161,"date":"2023-12-28T06:19:29","date_gmt":"2023-12-28T06:19:29","guid":{"rendered":"http:\/\/chamoru.local\/?page_id=161"},"modified":"2025-03-06T12:52:08","modified_gmt":"2025-03-06T12:52:08","slug":"fandakdak-guini-contact-us","status":"publish","type":"page","link":"https:\/\/dev2.idealguam.com\/kumision\/fandakdak-guini-contact-us\/","title":{"rendered":"Fand\u00e5kdak Guini (Contact Us)"},"content":{"rendered":"<p>[et_pb_section fb_built=&#8221;1&#8243; _builder_version=&#8221;4.27.4&#8243; _module_preset=&#8221;default&#8221; background_image=&#8221;https:\/\/dev2.idealguam.com\/kumision\/wp-content\/uploads\/2025\/03\/Utugrafihan-CHamoru-Guahan_Header-BG_w1980.jpg&#8221; custom_margin=&#8221;||0px||false|false&#8221; custom_padding=&#8221;0px||0px||false|false&#8221; global_colors_info=&#8221;{}&#8221;][et_pb_row make_equal=&#8221;on&#8221; _builder_version=&#8221;4.27.4&#8243; _module_preset=&#8221;default&#8221; width=&#8221;100%&#8221; max_width=&#8221;100%&#8221; custom_padding=&#8221;50px||50px||false|false&#8221; global_colors_info=&#8221;{}&#8221;][et_pb_column type=&#8221;4_4&#8243; _builder_version=&#8221;4.27.4&#8243; _module_preset=&#8221;default&#8221; custom_padding=&#8221;100px||100px||false|false&#8221; custom_css_main_element=&#8221;align-self: center;&#8221; border_style_all=&#8221;none&#8221; border_width_right=&#8221;1px&#8221; border_color_right=&#8221;#FFFFFF&#8221; global_colors_info=&#8221;{}&#8221;][et_pb_text _builder_version=&#8221;4.27.4&#8243; _module_preset=&#8221;default&#8221; text_font=&#8221;Bebas Neue||||||||&#8221; text_text_color=&#8221;#FFFFFF&#8221; text_font_size=&#8221;50px&#8221; text_line_height=&#8221;50px&#8221; text_orientation=&#8221;center&#8221; custom_margin=&#8221;0px||0px||false|false&#8221; custom_padding=&#8221;0px||0px||false|false&#8221; global_colors_info=&#8221;{}&#8221;]<\/p>\n<p>Fand\u00e5kdak Guini<\/p>\n<p>[\/et_pb_text][et_pb_text _builder_version=&#8221;4.27.4&#8243; _module_preset=&#8221;default&#8221; text_font=&#8221;Helvetica Regular||on||||||&#8221; text_text_color=&#8221;#FFFFFF&#8221; text_font_size=&#8221;26px&#8221; text_line_height=&#8221;26px&#8221; text_orientation=&#8221;center&#8221; custom_margin=&#8221;0px||0px||false|false&#8221; custom_padding=&#8221;0px||0px||false|false&#8221; hover_enabled=&#8221;0&#8243; global_colors_info=&#8221;{}&#8221; sticky_enabled=&#8221;0&#8243;]<\/p>\n<p>Contact Us<\/p>\n<p>[\/et_pb_text][\/et_pb_column][\/et_pb_row][\/et_pb_section][et_pb_section fb_built=&#8221;1&#8243; _builder_version=&#8221;4.27.0&#8243; _module_preset=&#8221;default&#8221; global_colors_info=&#8221;{}&#8221;][et_pb_row column_structure=&#8221;1_3,2_3&#8243; use_custom_gutter=&#8221;on&#8221; gutter_width=&#8221;2&#8243; _builder_version=&#8221;4.27.0&#8243; _module_preset=&#8221;default&#8221; custom_padding=&#8221;8px|0px|30px|0px|false|true&#8221; global_colors_info=&#8221;{}&#8221;][et_pb_column type=&#8221;1_3&#8243; _builder_version=&#8221;4.27.0&#8243; _module_preset=&#8221;default&#8221; custom_padding=&#8221;|0px|||false|false&#8221; global_colors_info=&#8221;{}&#8221;][et_pb_icon font_icon=&#8221;&#xf0e0;||fa||900&#8243; icon_color=&#8221;#1A5794&#8243; icon_width=&#8221;44px&#8221; url=&#8221;mailto:kumisionchamoru@kumision.guam.gov&#8221; align=&#8221;right&#8221; _builder_version=&#8221;4.27.0&#8243; _module_preset=&#8221;default&#8221; custom_margin=&#8221;-4px||||false|false&#8221; custom_padding=&#8221;0px||||false|false&#8221; global_colors_info=&#8221;{}&#8221;][\/et_pb_icon][\/et_pb_column][et_pb_column type=&#8221;2_3&#8243; _builder_version=&#8221;4.27.0&#8243; _module_preset=&#8221;default&#8221; custom_padding=&#8221;|||0px|false|false&#8221; global_colors_info=&#8221;{}&#8221;][et_pb_text _builder_version=&#8221;4.27.4&#8243; _module_preset=&#8221;default&#8221; text_font=&#8221;&#8211;et_global_body_font||||||||&#8221; text_text_color=&#8221;#000000&#8243; text_font_size=&#8221;0.9rem&#8221; text_line_height=&#8221;1em&#8221; link_font=&#8221;||||on||||&#8221; header_2_font=&#8221;Montserrat|600|||||||&#8221; header_2_text_color=&#8221;#1A5794&#8243; header_2_font_size=&#8221;1.4rem&#8221; header_2_line_height=&#8221;0.9em&#8221; global_colors_info=&#8221;{}&#8221;]<\/p>\n<h2><a href=\"mailto:kumisionchamoru@kumision.guam.gov\" target=\"_blank\" rel=\"noopener\">Imel (Email)<\/a>:<\/h2>\n<p>kumisionchamoru@kumision.guam.gov<\/p>\n<p>[\/et_pb_text][\/et_pb_column][\/et_pb_row][et_pb_row column_structure=&#8221;1_3,2_3&#8243; use_custom_gutter=&#8221;on&#8221; gutter_width=&#8221;2&#8243; _builder_version=&#8221;4.27.0&#8243; _module_preset=&#8221;default&#8221; custom_padding=&#8221;8px|0px|30px|0px|false|true&#8221; global_colors_info=&#8221;{}&#8221;][et_pb_column type=&#8221;1_3&#8243; _builder_version=&#8221;4.27.0&#8243; _module_preset=&#8221;default&#8221; custom_padding=&#8221;|0px|||false|false&#8221; global_colors_info=&#8221;{}&#8221;][et_pb_icon font_icon=&#8221;&#xf879;||fa||900&#8243; icon_color=&#8221;#1A5794&#8243; icon_width=&#8221;44px&#8221; url=&#8221;tel:(671)9220600&#8243; align=&#8221;right&#8221; _builder_version=&#8221;4.27.0&#8243; _module_preset=&#8221;default&#8221; custom_margin=&#8221;-4px||||false|false&#8221; custom_padding=&#8221;0px||||false|false&#8221; global_colors_info=&#8221;{}&#8221;][\/et_pb_icon][\/et_pb_column][et_pb_column type=&#8221;2_3&#8243; _builder_version=&#8221;4.27.0&#8243; _module_preset=&#8221;default&#8221; custom_padding=&#8221;|||0px|false|false&#8221; global_colors_info=&#8221;{}&#8221;][et_pb_text _builder_version=&#8221;4.27.0&#8243; _module_preset=&#8221;default&#8221; text_font=&#8221;&#8211;et_global_body_font||||||||&#8221; text_text_color=&#8221;#000000&#8243; text_font_size=&#8221;0.9rem&#8221; text_line_height=&#8221;1em&#8221; link_font=&#8221;||||on||||&#8221; header_2_font=&#8221;Montserrat|600|||||||&#8221; header_2_text_color=&#8221;#1A5794&#8243; header_2_font_size=&#8221;1.4rem&#8221; header_2_line_height=&#8221;0.9em&#8221; global_colors_info=&#8221;{}&#8221;]<\/p>\n<h2><a href=\"tel:(671)9220600\" target=\"_blank\" rel=\"noopener\">Numiru (Number)<\/a>:<\/h2>\n<p>(671) 922-0600<\/p>\n<p>[\/et_pb_text][\/et_pb_column][\/et_pb_row][et_pb_row column_structure=&#8221;1_3,2_3&#8243; use_custom_gutter=&#8221;on&#8221; gutter_width=&#8221;2&#8243; _builder_version=&#8221;4.27.0&#8243; _module_preset=&#8221;default&#8221; custom_padding=&#8221;8px|0px|30px|0px|false|true&#8221; global_colors_info=&#8221;{}&#8221;][et_pb_column type=&#8221;1_3&#8243; _builder_version=&#8221;4.27.0&#8243; _module_preset=&#8221;default&#8221; custom_padding=&#8221;|0px|||false|false&#8221; global_colors_info=&#8221;{}&#8221;][et_pb_icon font_icon=&#8221;&#xf5a0;||fa||900&#8243; icon_color=&#8221;#1A5794&#8243; icon_width=&#8221;44px&#8221; url_new_window=&#8221;on&#8221; align=&#8221;right&#8221; _builder_version=&#8221;4.27.0&#8243; _module_preset=&#8221;default&#8221; custom_margin=&#8221;-4px||||false|false&#8221; custom_padding=&#8221;0px||||false|false&#8221; global_colors_info=&#8221;{}&#8221;][\/et_pb_icon][\/et_pb_column][et_pb_column type=&#8221;2_3&#8243; _builder_version=&#8221;4.27.0&#8243; _module_preset=&#8221;default&#8221; custom_padding=&#8221;|||0px|false|false&#8221; global_colors_info=&#8221;{}&#8221;][et_pb_text _builder_version=&#8221;4.27.0&#8243; _module_preset=&#8221;default&#8221; text_font=&#8221;&#8211;et_global_body_font||||||||&#8221; text_text_color=&#8221;#000000&#8243; text_font_size=&#8221;0.9rem&#8221; text_line_height=&#8221;1em&#8221; link_font=&#8221;||||on||||&#8221; header_2_font=&#8221;Montserrat|600|||||||&#8221; header_2_text_color=&#8221;#1A5794&#8243; header_2_font_size=&#8221;1.4rem&#8221; header_2_line_height=&#8221;0.9em&#8221; global_colors_info=&#8221;{}&#8221;]<\/p>\n<h2>Lug\u00e5t (Address):<\/h2>\n<p>Bell Tower<br \/>710 South Marine Corps Drive, Suite 230<br \/>H\u00e5g\u00e5t\u00f1a, GU 96910<\/p>\n<p>[\/et_pb_text][\/et_pb_column][\/et_pb_row][et_pb_row column_structure=&#8221;1_3,2_3&#8243; use_custom_gutter=&#8221;on&#8221; gutter_width=&#8221;2&#8243; _builder_version=&#8221;4.27.0&#8243; _module_preset=&#8221;default&#8221; custom_padding=&#8221;8px|0px|30px|0px|false|true&#8221; global_colors_info=&#8221;{}&#8221;][et_pb_column type=&#8221;1_3&#8243; _builder_version=&#8221;4.27.0&#8243; _module_preset=&#8221;default&#8221; custom_padding=&#8221;|0px|||false|false&#8221; global_colors_info=&#8221;{}&#8221;][et_pb_icon font_icon=&#8221;&#xe0aa;||divi||400&#8243; icon_color=&#8221;#1A5794&#8243; icon_width=&#8221;44px&#8221; url=&#8221;https:\/\/www.facebook.com\/kumisionchamoru\/&#8221; url_new_window=&#8221;on&#8221; align=&#8221;right&#8221; _builder_version=&#8221;4.27.0&#8243; _module_preset=&#8221;default&#8221; custom_margin=&#8221;-4px||||false|false&#8221; custom_padding=&#8221;0px||||false|false&#8221; global_colors_info=&#8221;{}&#8221;][\/et_pb_icon][\/et_pb_column][et_pb_column type=&#8221;2_3&#8243; _builder_version=&#8221;4.27.0&#8243; _module_preset=&#8221;default&#8221; custom_padding=&#8221;|||0px|false|false&#8221; global_colors_info=&#8221;{}&#8221;][et_pb_text _builder_version=&#8221;4.27.0&#8243; _module_preset=&#8221;default&#8221; text_font=&#8221;&#8211;et_global_body_font||||||||&#8221; text_text_color=&#8221;#000000&#8243; text_font_size=&#8221;0.9rem&#8221; text_line_height=&#8221;1em&#8221; link_font=&#8221;||||on||||&#8221; header_2_font=&#8221;Montserrat|600|||||||&#8221; header_2_text_color=&#8221;#1A5794&#8243; header_2_font_size=&#8221;1.4rem&#8221; header_2_line_height=&#8221;0.9em&#8221; global_colors_info=&#8221;{}&#8221;]<\/p>\n<h2><a href=\"https:\/\/www.facebook.com\/kumisionchamoru\/\" target=\"_blank\" rel=\"noopener\">Facebook<\/a><\/h2>\n<p>Tattiye ham gi Facebook!<\/p>\n<p>[\/et_pb_text][\/et_pb_column][\/et_pb_row][et_pb_row column_structure=&#8221;1_3,2_3&#8243; use_custom_gutter=&#8221;on&#8221; gutter_width=&#8221;2&#8243; _builder_version=&#8221;4.27.0&#8243; _module_preset=&#8221;default&#8221; custom_padding=&#8221;8px|0px|30px|0px|false|true&#8221; global_colors_info=&#8221;{}&#8221;][et_pb_column type=&#8221;1_3&#8243; _builder_version=&#8221;4.27.0&#8243; _module_preset=&#8221;default&#8221; custom_padding=&#8221;|0px|||false|false&#8221; global_colors_info=&#8221;{}&#8221;][et_pb_icon font_icon=&#8221;&#xe0b1;||divi||400&#8243; icon_color=&#8221;#1A5794&#8243; icon_width=&#8221;44px&#8221; url=&#8221;https:\/\/www.instagram.com\/kumision.chamoru\/&#8221; url_new_window=&#8221;on&#8221; align=&#8221;right&#8221; _builder_version=&#8221;4.27.0&#8243; _module_preset=&#8221;default&#8221; custom_margin=&#8221;-4px||||false|false&#8221; custom_padding=&#8221;0px||||false|false&#8221; global_colors_info=&#8221;{}&#8221;][\/et_pb_icon][\/et_pb_column][et_pb_column type=&#8221;2_3&#8243; _builder_version=&#8221;4.27.0&#8243; _module_preset=&#8221;default&#8221; custom_padding=&#8221;|||0px|false|false&#8221; global_colors_info=&#8221;{}&#8221;][et_pb_text _builder_version=&#8221;4.27.0&#8243; _module_preset=&#8221;default&#8221; text_font=&#8221;&#8211;et_global_body_font||||||||&#8221; text_text_color=&#8221;#000000&#8243; text_font_size=&#8221;0.9rem&#8221; text_line_height=&#8221;1em&#8221; link_font=&#8221;||||on||||&#8221; header_2_font=&#8221;Montserrat|600|||||||&#8221; header_2_text_color=&#8221;#1A5794&#8243; header_2_font_size=&#8221;1.4rem&#8221; header_2_line_height=&#8221;0.9em&#8221; global_colors_info=&#8221;{}&#8221;]<\/p>\n<h2><a href=\"https:\/\/www.instagram.com\/kumision.chamoru\/\" target=\"_blank\" rel=\"noopener\">Instagram<\/a><\/h2>\n<p>Tattiye ham gi Instagram!<\/p>\n<p>[\/et_pb_text][\/et_pb_column][\/et_pb_row][et_pb_row column_structure=&#8221;1_3,2_3&#8243; use_custom_gutter=&#8221;on&#8221; gutter_width=&#8221;2&#8243; _builder_version=&#8221;4.27.0&#8243; _module_preset=&#8221;default&#8221; custom_padding=&#8221;8px|0px|30px|0px|false|true&#8221; global_colors_info=&#8221;{}&#8221;][et_pb_column type=&#8221;1_3&#8243; _builder_version=&#8221;4.27.0&#8243; _module_preset=&#8221;default&#8221; custom_padding=&#8221;|0px|||false|false&#8221; global_colors_info=&#8221;{}&#8221;][et_pb_icon font_icon=&#8221;&#xe0ba;||divi||400&#8243; icon_color=&#8221;#1A5794&#8243; icon_width=&#8221;44px&#8221; url=&#8221;https:\/\/www.youtube.com\/@ikumisionifinochamoru7574&#8243; url_new_window=&#8221;on&#8221; align=&#8221;right&#8221; _builder_version=&#8221;4.27.0&#8243; _module_preset=&#8221;default&#8221; custom_margin=&#8221;-4px||||false|false&#8221; custom_padding=&#8221;0px||||false|false&#8221; global_colors_info=&#8221;{}&#8221;][\/et_pb_icon][\/et_pb_column][et_pb_column type=&#8221;2_3&#8243; _builder_version=&#8221;4.27.0&#8243; _module_preset=&#8221;default&#8221; custom_padding=&#8221;|||0px|false|false&#8221; global_colors_info=&#8221;{}&#8221;][et_pb_text _builder_version=&#8221;4.27.0&#8243; _module_preset=&#8221;default&#8221; text_font=&#8221;&#8211;et_global_body_font||||||||&#8221; text_text_color=&#8221;#000000&#8243; text_font_size=&#8221;0.9rem&#8221; text_line_height=&#8221;1em&#8221; link_font=&#8221;||||on||||&#8221; header_2_font=&#8221;Montserrat|600|||||||&#8221; header_2_text_color=&#8221;#1A5794&#8243; header_2_font_size=&#8221;1.4rem&#8221; header_2_line_height=&#8221;0.9em&#8221; global_colors_info=&#8221;{}&#8221;]<\/p>\n<h2><a href=\"https:\/\/www.youtube.com\/@ikumisionifinochamoru7574\" target=\"_blank\" rel=\"noopener\">YouTube<\/a><\/h2>\n<p>Tattiye ham gi YouTube!<\/p>\n<p>[\/et_pb_text][\/et_pb_column][\/et_pb_row][\/et_pb_section]<\/p>\n","protected":false},"excerpt":{"rendered":"<p>Fand\u00e5kdak GuiniContact UsImel (Email): kumisionchamoru@kumision.guam.govNumiru (Number): (671) 922-0600Lug\u00e5t (Address): Bell Tower710 South Marine Corps Drive, Suite 230H\u00e5g\u00e5t\u00f1a, GU 96910Facebook Tattiye ham gi Facebook!Instagram Tattiye ham gi Instagram!YouTube Tattiye ham gi YouTube!<\/p>\n","protected":false},"author":5,"featured_media":0,"parent":0,"menu_order":0,"comment_status":"closed","ping_status":"closed","template":"","meta":{"_acf_changed":false,"_et_pb_use_builder":"on","_et_pb_old_content":"<!-- wp:cover {\"url\":\"http:\/\/chamoru.local\/wp-content\/uploads\/2024\/01\/oldmapbanner.png\",\"id\":581,\"dimRatio\":60,\"overlayColor\":\"contrast\",\"isUserOverlayColor\":true,\"minHeight\":50,\"minHeightUnit\":\"vh\",\"contentPosition\":\"top left\",\"align\":\"full\",\"style\":{\"spacing\":{\"padding\":{\"top\":\"5vw\",\"right\":\"5vw\",\"bottom\":\"5vw\",\"left\":\"5vw\"},\"margin\":{\"top\":\"0\"}}}} -->\r\n<div class=\"wp-block-cover alignfull has-custom-content-position is-position-top-left\" style=\"margin-top:0;padding-top:5vw;padding-right:5vw;padding-bottom:5vw;padding-left:5vw;min-height:50vh\"><span aria-hidden=\"true\" class=\"wp-block-cover__background has-contrast-background-color has-background-dim-60 has-background-dim\"><\/span><img class=\"wp-block-cover__image-background wp-image-581\" alt=\"\" src=\"http:\/\/chamoru.local\/wp-content\/uploads\/2024\/01\/oldmapbanner.png\" data-object-fit=\"cover\"\/><div class=\"wp-block-cover__inner-container\"><!-- wp:paragraph {\"align\":\"center\",\"placeholder\":\"Write title\u2026\",\"style\":{\"typography\":{\"fontStyle\":\"italic\",\"fontWeight\":\"500\",\"textTransform\":\"lowercase\"}},\"fontSize\":\"xx-large\",\"fontFamily\":\"heading\"} -->\r\n<p class=\"has-text-align-center has-heading-font-family has-xx-large-font-size\" style=\"font-style:italic;font-weight:500;text-transform:lowercase\">Fand\u00e5kdak Guini<\/p>\r\n<!-- \/wp:paragraph --><\/div><\/div>\r\n<!-- \/wp:cover -->\r\n\r\n<!-- wp:group {\"metadata\":{\"name\":\"RSVP Landing Page\"},\"align\":\"full\",\"style\":{\"spacing\":{\"margin\":{\"top\":\"0\",\"bottom\":\"0\"},\"padding\":{\"top\":\"var:preset|spacing|50\",\"bottom\":\"var:preset|spacing|50\",\"left\":\"var:preset|spacing|50\",\"right\":\"var:preset|spacing|50\"}},\"dimensions\":{\"minHeight\":\"100vh\"}},\"backgroundColor\":\"accent-4\",\"layout\":{\"type\":\"flex\",\"orientation\":\"vertical\",\"verticalAlignment\":\"center\",\"justifyContent\":\"center\",\"flexWrap\":\"nowrap\"}} -->\r\n<div class=\"wp-block-group alignfull has-accent-4-background-color has-background\" style=\"min-height:100vh;margin-top:0;margin-bottom:0;padding-top:var(--wp--preset--spacing--50);padding-right:var(--wp--preset--spacing--50);padding-bottom:var(--wp--preset--spacing--50);padding-left:var(--wp--preset--spacing--50)\"><!-- wp:columns {\"verticalAlignment\":\"center\",\"align\":\"wide\",\"style\":{\"spacing\":{\"blockGap\":{\"top\":\"var:preset|spacing|50\",\"left\":\"var:preset|spacing|50\"}}}} -->\r\n<div class=\"wp-block-columns alignwide are-vertically-aligned-center\"><!-- wp:column {\"verticalAlignment\":\"center\",\"width\":\"40%\"} -->\r\n<div class=\"wp-block-column is-vertically-aligned-center\" style=\"flex-basis:40%\"><!-- wp:group {\"style\":{\"dimensions\":{\"minHeight\":\"100%\"},\"spacing\":{\"blockGap\":\"var:preset|spacing|50\",\"margin\":{\"top\":\"0\",\"bottom\":\"0\"},\"padding\":{\"right\":\"0\",\"left\":\"0\"}}},\"layout\":{\"type\":\"default\"}} -->\r\n<div class=\"wp-block-group\" style=\"min-height:100%;margin-top:0;margin-bottom:0;padding-right:0;padding-left:0\"><!-- wp:heading {\"textAlign\":\"right\",\"level\":1,\"style\":{\"typography\":{\"fontSize\":\"7.4rem\",\"writingMode\":\"vertical-rl\",\"lineHeight\":\"1\"},\"spacing\":{\"margin\":{\"right\":\"0\",\"left\":\"calc( var(\\u002d\\u002dwp\\u002d\\u002dpreset\\u002d\\u002dspacing\\u002d\\u002d20) * -1)\"}}}} -->\r\n<h1 class=\"wp-block-heading has-text-align-right\" style=\"margin-right:0;margin-left:calc( var(--wp--preset--spacing--20) * -1);font-size:7.4rem;line-height:1;writing-mode:vertical-rl\">Contact Us<\/h1>\r\n<!-- \/wp:heading -->\r\n\r\n<!-- wp:group {\"style\":{\"spacing\":{\"padding\":{\"right\":\"0\",\"left\":\"0\"}}},\"layout\":{\"type\":\"constrained\",\"contentSize\":\"300px\",\"justifyContent\":\"left\"}} -->\r\n<div class=\"wp-block-group\" style=\"padding-right:0;padding-left:0\"><!-- wp:paragraph {\"style\":{\"layout\":{\"selfStretch\":\"fixed\",\"flexSize\":\"50%\"}}} -->\r\n<p>Experience the fusion of imagination and expertise with \u00c9tudes Arch Summit, February 2025.<\/p>\r\n<!-- \/wp:paragraph -->\r\n\r\n<!-- wp:buttons -->\r\n<div class=\"wp-block-buttons\"><!-- wp:button -->\r\n<div class=\"wp-block-button\"><a class=\"wp-block-button__link wp-element-button\">Reserve your spot<\/a><\/div>\r\n<!-- \/wp:button --><\/div>\r\n<!-- \/wp:buttons --><\/div>\r\n<!-- \/wp:group --><\/div>\r\n<!-- \/wp:group --><\/div>\r\n<!-- \/wp:column -->\r\n\r\n<!-- wp:column {\"verticalAlignment\":\"top\",\"width\":\"60%\"} -->\r\n<div class=\"wp-block-column is-vertically-aligned-top\" style=\"flex-basis:60%\"><!-- wp:image {\"aspectRatio\":\"3\/4\",\"scale\":\"cover\",\"sizeSlug\":\"large\",\"linkDestination\":\"none\",\"className\":\"is-style-rounded\"} -->\r\n<figure class=\"wp-block-image size-large is-style-rounded\"><img src=\"http:\/\/chamoru.local\/wp-content\/themes\/twentytwentyfour\/assets\/images\/green-staircase.webp\" alt=\"Green staircase at Western University, London, Canada\" style=\"aspect-ratio:3\/4;object-fit:cover\"\/><\/figure>\r\n<!-- \/wp:image --><\/div>\r\n<!-- \/wp:column --><\/div>\r\n<!-- \/wp:columns --><\/div>\r\n<!-- \/wp:group -->","_et_gb_content_width":"","footnotes":""},"class_list":["post-161","page","type-page","status-publish","hentry"],"acf":[],"_links":{"self":[{"href":"https:\/\/dev2.idealguam.com\/kumision\/wp-json\/wp\/v2\/pages\/161","targetHints":{"allow":["GET"]}}],"collection":[{"href":"https:\/\/dev2.idealguam.com\/kumision\/wp-json\/wp\/v2\/pages"}],"about":[{"href":"https:\/\/dev2.idealguam.com\/kumision\/wp-json\/wp\/v2\/types\/page"}],"author":[{"embeddable":true,"href":"https:\/\/dev2.idealguam.com\/kumision\/wp-json\/wp\/v2\/users\/5"}],"replies":[{"embeddable":true,"href":"https:\/\/dev2.idealguam.com\/kumision\/wp-json\/wp\/v2\/comments?post=161"}],"version-history":[{"count":12,"href":"https:\/\/dev2.idealguam.com\/kumision\/wp-json\/wp\/v2\/pages\/161\/revisions"}],"predecessor-version":[{"id":2953,"href":"https:\/\/dev2.idealguam.com\/kumision\/wp-json\/wp\/v2\/pages\/161\/revisions\/2953"}],"wp:attachment":[{"href":"https:\/\/dev2.idealguam.com\/kumision\/wp-json\/wp\/v2\/media?parent=161"}],"curies":[{"name":"wp","href":"https:\/\/api.w.org\/{rel}","templated":true}]}}