{"id":171,"date":"2023-12-28T23:16:15","date_gmt":"2023-12-28T23:16:15","guid":{"rendered":"http:\/\/chamoru.local\/?page_id=171"},"modified":"2025-03-06T13:00:16","modified_gmt":"2025-03-06T13:00:16","slug":"i-seyon-mami-our-logo","status":"publish","type":"page","link":"https:\/\/dev2.idealguam.com\/kumision\/i-seyon-mami-our-logo\/","title":{"rendered":"I Seyon-M\u00e5mi (Our Logo)"},"content":{"rendered":"<p>[et_pb_section fb_built=&#8221;1&#8243; _builder_version=&#8221;4.27.4&#8243; _module_preset=&#8221;default&#8221; background_image=&#8221;https:\/\/dev2.idealguam.com\/kumision\/wp-content\/uploads\/2025\/03\/Utugrafihan-CHamoru-Guahan_Header-BG_w1980.jpg&#8221; custom_margin=&#8221;||0px||false|false&#8221; custom_padding=&#8221;0px||0px||false|false&#8221; global_colors_info=&#8221;{}&#8221;][et_pb_row make_equal=&#8221;on&#8221; _builder_version=&#8221;4.27.4&#8243; _module_preset=&#8221;default&#8221; width=&#8221;100%&#8221; max_width=&#8221;100%&#8221; custom_padding=&#8221;50px||50px||false|false&#8221; global_colors_info=&#8221;{}&#8221;][et_pb_column type=&#8221;4_4&#8243; _builder_version=&#8221;4.27.4&#8243; _module_preset=&#8221;default&#8221; custom_padding=&#8221;100px||100px||false|false&#8221; custom_css_main_element=&#8221;align-self: center;&#8221; border_style_all=&#8221;none&#8221; border_width_right=&#8221;1px&#8221; border_color_right=&#8221;#FFFFFF&#8221; global_colors_info=&#8221;{}&#8221;][et_pb_text _builder_version=&#8221;4.27.4&#8243; _module_preset=&#8221;default&#8221; text_font=&#8221;Bebas Neue||||||||&#8221; text_text_color=&#8221;#FFFFFF&#8221; text_font_size=&#8221;50px&#8221; text_line_height=&#8221;50px&#8221; text_orientation=&#8221;center&#8221; custom_margin=&#8221;0px||0px||false|false&#8221; custom_padding=&#8221;0px||0px||false|false&#8221; global_colors_info=&#8221;{}&#8221;]<\/p>\n<p>I Seyon-M\u00e5mi<\/p>\n<p>[\/et_pb_text][et_pb_text _builder_version=&#8221;4.27.4&#8243; _module_preset=&#8221;default&#8221; text_font=&#8221;Helvetica Regular||on||||||&#8221; text_text_color=&#8221;#FFFFFF&#8221; text_font_size=&#8221;26px&#8221; text_line_height=&#8221;26px&#8221; text_orientation=&#8221;center&#8221; custom_margin=&#8221;0px||0px||false|false&#8221; custom_padding=&#8221;0px||0px||false|false&#8221; hover_enabled=&#8221;0&#8243; global_colors_info=&#8221;{}&#8221; sticky_enabled=&#8221;0&#8243;]<\/p>\n<p>Our Logo<\/p>\n<p>[\/et_pb_text][\/et_pb_column][\/et_pb_row][\/et_pb_section][et_pb_section fb_built=&#8221;1&#8243; _builder_version=&#8221;4.27.0&#8243; _module_preset=&#8221;default&#8221; global_colors_info=&#8221;{}&#8221;][et_pb_row _builder_version=&#8221;4.27.0&#8243; _module_preset=&#8221;default&#8221; global_colors_info=&#8221;{}&#8221;][et_pb_column type=&#8221;4_4&#8243; _builder_version=&#8221;4.27.0&#8243; _module_preset=&#8221;default&#8221; global_colors_info=&#8221;{}&#8221;][et_pb_image src=&#8221;https:\/\/kumisionchamoru.guam.gov\/wp-content\/uploads\/2024\/07\/logosmall.png&#8221; alt=&#8221;Kumision Logo&#8221; align=&#8221;center&#8221; _builder_version=&#8221;4.27.0&#8243; _module_preset=&#8221;default&#8221; global_colors_info=&#8221;{}&#8221;][\/et_pb_image][et_pb_text _builder_version=&#8221;4.27.4&#8243; _module_preset=&#8221;default&#8221; text_font=&#8221;Helvetica Bold|300||on|||||&#8221; text_text_color=&#8221;#000000&#8243; text_font_size=&#8221;26px&#8221; text_line_height=&#8221;26px&#8221; header_3_font=&#8221;Montserrat|600|||||||&#8221; header_3_font_size=&#8221;1.4rem&#8221; custom_margin=&#8221;||20px||false|false&#8221; custom_padding=&#8221;||0px||false|false&#8221; global_colors_info=&#8221;{}&#8221;]<\/p>\n<p style=\"text-align: center;\">Kumisi\u00f3n i Fino\u2019 CHamoru yan i Fina\u2019n\u00e5\u2019guen i Historia yan i Lina\u2019la\u2019 i Taotao T\u00e5no\u2019<em><\/em><\/p>\n<p>[\/et_pb_text][et_pb_text _builder_version=&#8221;4.27.4&#8243; _module_preset=&#8221;default&#8221; text_font=&#8221;&#8211;et_global_body_font||||||||&#8221; text_text_color=&#8221;#000000&#8243; text_font_size=&#8221;20px&#8221; text_line_height=&#8221;10px&#8221; header_3_font=&#8221;Montserrat|600|||||||&#8221; header_3_font_size=&#8221;1.4rem&#8221; global_colors_info=&#8221;{}&#8221;]<\/p>\n<p style=\"text-align: center;\"><em>(Commission on CHamoru Language and the Teaching of the History and Culture of the Indigenous People of Guam)<\/em><\/p>\n<p style=\"text-align: center;\"><em>Garden House, Plaza de Espa\u00f1a, Ch\u00e5lan S\u00e5nto P\u00e5pa Juan P\u00e5blo Dos,\u00a0Hag\u00e5t\u00f1a, GU 96910<\/em><\/p>\n<p>[\/et_pb_text][et_pb_text _builder_version=&#8221;4.27.4&#8243; _module_preset=&#8221;default&#8221; text_font=&#8221;&#8211;et_global_body_font||||||||&#8221; text_text_color=&#8221;#000000&#8243; text_font_size=&#8221;1rem&#8221; header_3_font=&#8221;Montserrat|600|||||||&#8221; header_3_font_size=&#8221;1.4rem&#8221; global_colors_info=&#8221;{}&#8221;]<\/p>\n<p><strong>Description:<\/strong> There are several distinct symbols that have been incorporated into how we chose to represent our work as the COMMISSION ON CHAMORU LANGUAGE AND THE TEACHING OF THE HISTORY AND CULTURE OF THE INDIGENOUS PEOPLE OF GUAM. Our logo is shaped both like a sling stone, which is part of the artifactual legacy of the ancient CHamoru latte builders; and, an eye to represent sight or vision. Indigenous insight is known as mata or mana throughout the Island Pacific. As a Commission, we draw on the wisdom of our ancestors to interpret our reality both past and present. This wisdom allows us to see beyond the physical. It connects us with a force more powerful than our individual selves. It creates a safe space for confronting power with truth. In this state of consciousness, we discover what it means to be CHamoru.<\/p>\n<p>Inside the eye are symbols which frame our way of life. The heat of the sun and the light of the moon which influence our designation of time and season are represented by the orange orb and the white sin\u00e5hi. We are the taotao t\u00e5no\u2019 yan t\u00e5si or people of the land and sea, hence the image of the green hilly landscape and buoyant blue waves of our ocean.<\/p>\n<p>We express our thanks to Graphic Designer, Bryan Duenas, for his creative representation.<\/p>\n<p>[\/et_pb_text][\/et_pb_column][\/et_pb_row][\/et_pb_section]<\/p>\n","protected":false},"excerpt":{"rendered":"<p>I Seyon-M\u00e5miOur LogoKumisi\u00f3n i Fino\u2019 CHamoru yan i Fina\u2019n\u00e5\u2019guen i Historia yan i Lina\u2019la\u2019 i Taotao T\u00e5no\u2019(Commission on CHamoru Language and the Teaching of the History and Culture of the Indigenous People of Guam) Garden House, Plaza de Espa\u00f1a, Ch\u00e5lan S\u00e5nto P\u00e5pa Juan P\u00e5blo Dos,\u00a0Hag\u00e5t\u00f1a, GU 96910Description: There are several distinct symbols that have been [&hellip;]<\/p>\n","protected":false},"author":2,"featured_media":169,"parent":0,"menu_order":0,"comment_status":"closed","ping_status":"closed","template":"","meta":{"_acf_changed":false,"_et_pb_use_builder":"on","_et_pb_old_content":"<!-- wp:group {\"align\":\"full\",\"style\":{\"spacing\":{\"margin\":{\"top\":\"0\",\"bottom\":\"0\"},\"padding\":{\"top\":\"var:preset|spacing|50\",\"bottom\":\"var:preset|spacing|50\",\"left\":\"var:preset|spacing|50\",\"right\":\"var:preset|spacing|50\"}}},\"backgroundColor\":\"accent\",\"layout\":{\"type\":\"constrained\"}} -->\r\n<div class=\"wp-block-group alignfull has-accent-background-color has-background\" style=\"margin-top: 0; margin-bottom: 0; padding: var(--wp--preset--spacing--50);\"><!-- wp:columns {\"align\":\"wide\",\"style\":{\"spacing\":{\"blockGap\":{\"top\":\"var:preset|spacing|40\",\"left\":\"var:preset|spacing|50\"}}}} -->\r\n<div class=\"wp-block-columns alignwide\"><!-- wp:column {\"verticalAlignment\":\"stretch\",\"width\":\"50%\"} -->\r\n<div class=\"wp-block-column is-vertically-aligned-stretch\" style=\"flex-basis: 50%;\"><!-- wp:group {\"style\":{\"dimensions\":{\"minHeight\":\"100%\"}},\"layout\":{\"type\":\"flex\",\"orientation\":\"vertical\",\"justifyContent\":\"stretch\",\"verticalAlignment\":\"space-between\"}} -->\r\n<div class=\"wp-block-group\" style=\"min-height: 100%;\"><!-- wp:paragraph {\"dropCap\":true,\"style\":{\"typography\":{\"fontSize\":\"1.3rem\"}},\"fontFamily\":\"heading\"} -->\r\n<p class=\"has-drop-cap has-heading-font-family\" style=\"font-size: 1.3rem;\">There are several distinct symbols that have been incorporated into how we chose to represent our work as the <em>Commision on CHamoru Language and the Teaching of the History and Culture of the Indigenous People of Guam.<\/em><\/p>\r\n<!-- \/wp:paragraph --><!-- wp:paragraph {\"style\":{\"typography\":{\"fontSize\":\"1.3rem\"}},\"fontFamily\":\"heading\"} -->\r\n<p class=\"has-heading-font-family\" style=\"font-size: 1.3rem;\">Our logo is shaped both like a sling stone, which is part of the artifactual legacy of the ancient CHamoru\u00a0<em>latte\u00a0<\/em>builders; and an eye to represent sight or vision. Indigenous insight is known as mata or mana throughout the Island Pacific. As a Commission, we draw on the wisdom of our ancestors to interpret our reality both past and present. This wisdom allows us to see beyond the physical. It connects us with a force more powerful than our individual selves. It creates a safe space for confronting power with truth. In this state of consciousness, we discover what it means to be CHamoru.<br \/>\u00a0<\/p>\r\n<!-- \/wp:paragraph --><!-- wp:paragraph {\"style\":{\"typography\":{\"fontSize\":\"1.3rem\"}},\"fontFamily\":\"heading\"} -->\r\n<p class=\"has-heading-font-family\" style=\"font-size: 1.3rem;\">Inside the eye are symbols which frame our way of life. The heat of the sun and the light of the moon which influence our designation of time and season are represented by the orange orb and the white\u00a0<em>sin\u00e5hi<\/em>. We are the\u00a0<em>taotao t\u00e5no\u2019 yan t\u00e5si\u00a0<\/em>or people of the land and sea, hence the image of the green hilly landscape and buoyant blue waves of our ocean.\u00a0<\/p>\r\n<!-- \/wp:paragraph --><!-- wp:paragraph {\"style\":{\"typography\":{\"fontSize\":\"1.3rem\"}},\"fontFamily\":\"heading\"} -->\r\n<p class=\"has-heading-font-family\" style=\"font-size: 1.3rem;\"><em>We express our thanks to Graphic Designer, Bryan Duenas, for his creative representation.<\/em><\/p>\r\n<!-- \/wp:paragraph --><\/div>\r\n<!-- \/wp:group --><\/div>\r\n<!-- \/wp:column --><!-- wp:column {\"verticalAlignment\":\"center\",\"width\":\"50%\"} -->\r\n<div class=\"wp-block-column is-vertically-aligned-center\" style=\"flex-basis: 50%;\"><!-- wp:image {\"align\":\"right\",\"id\":169,\"sizeSlug\":\"full\",\"linkDestination\":\"none\",\"className\":\"is-style-rounded\"} -->\r\n<figure class=\"wp-block-image alignright size-full is-style-rounded\"><img class=\"wp-image-169\" src=\"http:\/\/chamoru.local\/wp-content\/uploads\/2023\/12\/kumision-logo-1.jpg\" alt=\"\" \/>\r\n<figcaption class=\"wp-element-caption\">Design by Byran Duenas<\/figcaption>\r\n<\/figure>\r\n<!-- \/wp:image --><\/div>\r\n<!-- \/wp:column --><\/div>\r\n<!-- \/wp:columns --><\/div>\r\n<!-- \/wp:group -->","_et_gb_content_width":"","footnotes":""},"class_list":["post-171","page","type-page","status-publish","has-post-thumbnail","hentry"],"acf":[],"_links":{"self":[{"href":"https:\/\/dev2.idealguam.com\/kumision\/wp-json\/wp\/v2\/pages\/171","targetHints":{"allow":["GET"]}}],"collection":[{"href":"https:\/\/dev2.idealguam.com\/kumision\/wp-json\/wp\/v2\/pages"}],"about":[{"href":"https:\/\/dev2.idealguam.com\/kumision\/wp-json\/wp\/v2\/types\/page"}],"author":[{"embeddable":true,"href":"https:\/\/dev2.idealguam.com\/kumision\/wp-json\/wp\/v2\/users\/2"}],"replies":[{"embeddable":true,"href":"https:\/\/dev2.idealguam.com\/kumision\/wp-json\/wp\/v2\/comments?post=171"}],"version-history":[{"count":15,"href":"https:\/\/dev2.idealguam.com\/kumision\/wp-json\/wp\/v2\/pages\/171\/revisions"}],"predecessor-version":[{"id":2966,"href":"https:\/\/dev2.idealguam.com\/kumision\/wp-json\/wp\/v2\/pages\/171\/revisions\/2966"}],"wp:featuredmedia":[{"embeddable":true,"href":"https:\/\/dev2.idealguam.com\/kumision\/wp-json\/"}],"wp:attachment":[{"href":"https:\/\/dev2.idealguam.com\/kumision\/wp-json\/wp\/v2\/media?parent=171"}],"curies":[{"name":"wp","href":"https:\/\/api.w.org\/{rel}","templated":true}]}}