{"id":1778,"date":"2024-10-15T00:01:22","date_gmt":"2024-10-15T00:01:22","guid":{"rendered":"https:\/\/kumisionchamoru.guam.gov\/?page_id=1778"},"modified":"2025-03-06T01:48:24","modified_gmt":"2025-03-06T01:48:24","slug":"rinikohen-rikuetdo-chamoru-archives","status":"publish","type":"page","link":"https:\/\/dev2.idealguam.com\/kumision\/rinikohen-rikuetdo-chamoru-archives\/","title":{"rendered":"Rinikohen Rikuetdo (CHamoru Archives)"},"content":{"rendered":"<p>[et_pb_section fb_built=&#8221;1&#8243; _builder_version=&#8221;4.27.4&#8243; _module_preset=&#8221;default&#8221; background_image=&#8221;https:\/\/dev2.idealguam.com\/kumision\/wp-content\/uploads\/2025\/03\/Utugrafihan-CHamoru-Guahan_Header-BG_w1980.jpg&#8221; custom_margin=&#8221;||0px||false|false&#8221; custom_padding=&#8221;0px||0px||false|false&#8221; global_colors_info=&#8221;{}&#8221;][et_pb_row make_equal=&#8221;on&#8221; _builder_version=&#8221;4.27.4&#8243; _module_preset=&#8221;default&#8221; width=&#8221;100%&#8221; max_width=&#8221;100%&#8221; custom_padding=&#8221;50px||50px||false|false&#8221; global_colors_info=&#8221;{}&#8221;][et_pb_column type=&#8221;4_4&#8243; _builder_version=&#8221;4.27.4&#8243; _module_preset=&#8221;default&#8221; custom_padding=&#8221;100px|100px|100px|100px|false|false&#8221; custom_padding_tablet=&#8221;|30px||30px|false|false&#8221; custom_padding_phone=&#8221;|20px||20px|false|false&#8221; custom_padding_last_edited=&#8221;on|phone&#8221; custom_css_main_element=&#8221;align-self: center;&#8221; border_style_all=&#8221;none&#8221; border_width_right=&#8221;1px&#8221; border_color_right=&#8221;#FFFFFF&#8221; global_colors_info=&#8221;{}&#8221;][et_pb_text _builder_version=&#8221;4.27.4&#8243; _module_preset=&#8221;default&#8221; text_font=&#8221;Bebas Neue||||||||&#8221; text_text_color=&#8221;#FFFFFF&#8221; text_font_size=&#8221;50px&#8221; text_line_height=&#8221;50px&#8221; text_orientation=&#8221;center&#8221; custom_margin=&#8221;0px||0px||false|false&#8221; custom_padding=&#8221;0px||0px||false|false&#8221; global_colors_info=&#8221;{}&#8221;]Rinikohen Rikuetdo[\/et_pb_text][et_pb_text _builder_version=&#8221;4.27.4&#8243; _module_preset=&#8221;default&#8221; text_font=&#8221;Helvetica Regular||||||||&#8221; text_text_color=&#8221;#FFFFFF&#8221; text_font_size=&#8221;26px&#8221; text_line_height=&#8221;26px&#8221; text_orientation=&#8221;center&#8221; custom_margin=&#8221;0px||0px||false|false&#8221; custom_padding=&#8221;0px||0px||false|false&#8221; global_colors_info=&#8221;{}&#8221;]CHamoru Archives[\/et_pb_text][\/et_pb_column][\/et_pb_row][\/et_pb_section][et_pb_section fb_built=&#8221;1&#8243; _builder_version=&#8221;4.27.0&#8243; _module_preset=&#8221;default&#8221; locked=&#8221;off&#8221; global_colors_info=&#8221;{}&#8221;][et_pb_row _builder_version=&#8221;4.27.2&#8243; _module_preset=&#8221;default&#8221; custom_margin=&#8221;0px||0px||true|false&#8221; custom_padding=&#8221;0px||0px||true|false&#8221; global_colors_info=&#8221;{}&#8221;][et_pb_column type=&#8221;4_4&#8243; _builder_version=&#8221;4.27.2&#8243; _module_preset=&#8221;default&#8221; global_colors_info=&#8221;{}&#8221;][et_pb_text _builder_version=&#8221;4.27.4&#8243; _module_preset=&#8221;default&#8221; text_font=&#8221;Helvetica Bold|300|||||||&#8221; text_text_color=&#8221;#333333&#8243; text_font_size=&#8221;26px&#8221; text_line_height=&#8221;26px&#8221; hover_enabled=&#8221;0&#8243; global_colors_info=&#8221;{}&#8221; sticky_enabled=&#8221;0&#8243;]<\/p>\n<p>Binaban i Sagan Finamta\u2019<\/p>\n<p>[\/et_pb_text][\/et_pb_column][\/et_pb_row][et_pb_row column_structure=&#8221;1_3,1_3,1_3&#8243; _builder_version=&#8221;4.27.0&#8243; _module_preset=&#8221;default&#8221; global_colors_info=&#8221;{}&#8221;][et_pb_column type=&#8221;1_3&#8243; _builder_version=&#8221;4.27.0&#8243; _module_preset=&#8221;default&#8221; global_colors_info=&#8221;{}&#8221;][et_pb_image src=&#8221;https:\/\/kumisionchamoru.guam.gov\/wp-content\/uploads\/2024\/07\/Pledge.png&#8221; alt=&#8221;Pledge&#8221; align=&#8221;center&#8221; _builder_version=&#8221;4.27.0&#8243; _module_preset=&#8221;default&#8221; global_colors_info=&#8221;{}&#8221;][\/et_pb_image][\/et_pb_column][et_pb_column type=&#8221;1_3&#8243; _builder_version=&#8221;4.27.0&#8243; _module_preset=&#8221;default&#8221; global_colors_info=&#8221;{}&#8221;][et_pb_image src=&#8221;https:\/\/kumisionchamoru.guam.gov\/wp-content\/uploads\/2024\/07\/celebration.png&#8221; alt=&#8221;Celebration&#8221; align=&#8221;center&#8221; _builder_version=&#8221;4.27.0&#8243; _module_preset=&#8221;default&#8221; global_colors_info=&#8221;{}&#8221;][\/et_pb_image][\/et_pb_column][et_pb_column type=&#8221;1_3&#8243; _builder_version=&#8221;4.27.0&#8243; _module_preset=&#8221;default&#8221; global_colors_info=&#8221;{}&#8221;][et_pb_image src=&#8221;https:\/\/kumisionchamoru.guam.gov\/wp-content\/uploads\/2024\/07\/Governor.png&#8221; alt=&#8221;Governor Signing&#8221; align=&#8221;center&#8221; _builder_version=&#8221;4.27.0&#8243; _module_preset=&#8221;default&#8221; global_colors_info=&#8221;{}&#8221;][\/et_pb_image][\/et_pb_column][\/et_pb_row][et_pb_row column_structure=&#8221;1_3,1_3,1_3&#8243; _builder_version=&#8221;4.27.0&#8243; _module_preset=&#8221;default&#8221; global_colors_info=&#8221;{}&#8221;][et_pb_column type=&#8221;1_3&#8243; _builder_version=&#8221;4.27.0&#8243; _module_preset=&#8221;default&#8221; global_colors_info=&#8221;{}&#8221;][et_pb_image src=&#8221;https:\/\/kumisionchamoru.guam.gov\/wp-content\/uploads\/2024\/07\/LtGovernor.png&#8221; alt=&#8221;Lt Governor Speaking&#8221; align=&#8221;center&#8221; _builder_version=&#8221;4.27.0&#8243; _module_preset=&#8221;default&#8221; global_colors_info=&#8221;{}&#8221;][\/et_pb_image][\/et_pb_column][et_pb_column type=&#8221;1_3&#8243; _builder_version=&#8221;4.27.0&#8243; _module_preset=&#8221;default&#8221; global_colors_info=&#8221;{}&#8221;][et_pb_image src=&#8221;https:\/\/kumisionchamoru.guam.gov\/wp-content\/uploads\/2024\/07\/RibbonCutting.png&#8221; alt=&#8221;Ribbon Cutting&#8221; align=&#8221;center&#8221; _builder_version=&#8221;4.27.0&#8243; _module_preset=&#8221;default&#8221; global_colors_info=&#8221;{}&#8221;][\/et_pb_image][\/et_pb_column][et_pb_column type=&#8221;1_3&#8243; _builder_version=&#8221;4.27.0&#8243; _module_preset=&#8221;default&#8221; global_colors_info=&#8221;{}&#8221;][et_pb_image src=&#8221;https:\/\/kumisionchamoru.guam.gov\/wp-content\/uploads\/2024\/07\/RibbonCutting2.png&#8221; alt=&#8221;Ribbon Cutting Part 2&#8243; align=&#8221;center&#8221; _builder_version=&#8221;4.27.0&#8243; _module_preset=&#8221;default&#8221; global_colors_info=&#8221;{}&#8221;][\/et_pb_image][\/et_pb_column][\/et_pb_row][\/et_pb_section][et_pb_section fb_built=&#8221;1&#8243; _builder_version=&#8221;4.27.2&#8243; _module_preset=&#8221;default&#8221; custom_padding=&#8221;0px||||false|false&#8221; locked=&#8221;off&#8221; global_colors_info=&#8221;{}&#8221;][et_pb_row _builder_version=&#8221;4.27.2&#8243; _module_preset=&#8221;default&#8221; custom_margin=&#8221;0px||0px||true|false&#8221; custom_padding=&#8221;0px||0px||true|false&#8221; global_colors_info=&#8221;{}&#8221;][et_pb_column type=&#8221;4_4&#8243; _builder_version=&#8221;4.27.2&#8243; _module_preset=&#8221;default&#8221; global_colors_info=&#8221;{}&#8221;][et_pb_text _builder_version=&#8221;4.27.4&#8243; _module_preset=&#8221;default&#8221; text_font=&#8221;Helvetica Bold|300|||||||&#8221; text_font_size=&#8221;30px&#8221; text_line_height=&#8221;30px&#8221; global_colors_info=&#8221;{}&#8221;]<\/p>\n<p>Listan Pal\u00e5bran Tan \u00c5nan Garcia<\/p>\n<p>[\/et_pb_text][\/et_pb_column][\/et_pb_row][et_pb_row _builder_version=&#8221;4.27.0&#8243; _module_preset=&#8221;default&#8221; locked=&#8221;off&#8221; global_colors_info=&#8221;{}&#8221;][et_pb_column type=&#8221;4_4&#8243; _builder_version=&#8221;4.27.0&#8243; _module_preset=&#8221;default&#8221; global_colors_info=&#8221;{}&#8221;][et_pb_image src=&#8221;https:\/\/kumisionchamoru.guam.gov\/wp-content\/uploads\/2024\/07\/ListanPalabra-Title.jpg&#8221; alt=&#8221;Listan Palabra Cover Page&#8221; url=&#8221;https:\/\/kumisionchamoru.guam.gov\/wp-content\/uploads\/2024\/07\/ListanPalabra.pdf&#8221; url_new_window=&#8221;on&#8221; align=&#8221;center&#8221; _builder_version=&#8221;4.27.0&#8243; _module_preset=&#8221;default&#8221; border_width_all=&#8221;1px&#8221; border_color_all=&#8221;#000000&#8243; global_colors_info=&#8221;{}&#8221;][\/et_pb_image][et_pb_text _builder_version=&#8221;4.27.0&#8243; _module_preset=&#8221;default&#8221; text_font=&#8221;&#8211;et_global_body_font||||||||&#8221; text_text_color=&#8221;#000000&#8243; text_font_size=&#8221;1rem&#8221; link_font=&#8221;||||on||||&#8221; header_2_font=&#8221;Montserrat|600|||||||&#8221; header_2_text_color=&#8221;#F89750&#8243; header_2_font_size=&#8221;1.6rem&#8221; header_3_font=&#8221;Montserrat|600|||||||&#8221; header_3_font_size=&#8221;1.4rem&#8221; text_orientation=&#8221;center&#8221; locked=&#8221;off&#8221; global_colors_info=&#8221;{}&#8221;]<\/p>\n<p><a href=\"https:\/\/kumisionchamoru.guam.gov\/wp-content\/uploads\/2024\/07\/ListanPalabra.pdf\" target=\"_blank\" rel=\"noopener\">Click to view Listan Pal\u00e5bran Tan \u00c5nan Garcia<\/a><\/p>\n<p>[\/et_pb_text][\/et_pb_column][\/et_pb_row][\/et_pb_section][et_pb_section fb_built=&#8221;1&#8243; _builder_version=&#8221;4.27.2&#8243; _module_preset=&#8221;default&#8221; custom_padding=&#8221;0px||||false|false&#8221; locked=&#8221;off&#8221; global_colors_info=&#8221;{}&#8221;][et_pb_row _builder_version=&#8221;4.27.2&#8243; _module_preset=&#8221;default&#8221; custom_margin=&#8221;0px||0px||true|false&#8221; custom_padding=&#8221;0px||0px||true|false&#8221; global_colors_info=&#8221;{}&#8221;][et_pb_column type=&#8221;4_4&#8243; _builder_version=&#8221;4.27.2&#8243; _module_preset=&#8221;default&#8221; global_colors_info=&#8221;{}&#8221;][et_pb_text _builder_version=&#8221;4.27.4&#8243; _module_preset=&#8221;default&#8221; text_font=&#8221;Helvetica Bold|300|||||||&#8221; text_text_color=&#8221;#333333&#8243; text_font_size=&#8221;30px&#8221; text_line_height=&#8221;30px&#8221; global_colors_info=&#8221;{}&#8221;]<\/p>\n<p>Fino\u2019 CHamoru P\u00e5\u2019go (CHamoru Word Lists)<\/p>\n<p>[\/et_pb_text][\/et_pb_column][\/et_pb_row][et_pb_row column_structure=&#8221;1_3,1_3,1_3&#8243; use_custom_gutter=&#8221;on&#8221; gutter_width=&#8221;1&#8243; _builder_version=&#8221;4.27.0&#8243; _module_preset=&#8221;default&#8221; global_colors_info=&#8221;{}&#8221;][et_pb_column type=&#8221;1_3&#8243; _builder_version=&#8221;4.27.0&#8243; _module_preset=&#8221;default&#8221; global_colors_info=&#8221;{}&#8221;][et_pb_text _builder_version=&#8221;4.27.0&#8243; _module_preset=&#8221;default&#8221; text_font=&#8221;&#8211;et_global_body_font||||||||&#8221; text_text_color=&#8221;#000000&#8243; text_font_size=&#8221;1rem&#8221; link_font=&#8221;||||on||||&#8221; header_2_font=&#8221;Montserrat|600|||||||&#8221; header_2_text_color=&#8221;#F89750&#8243; header_2_font_size=&#8221;1.6rem&#8221; header_3_font=&#8221;Montserrat|600|||||||&#8221; header_3_font_size=&#8221;1.4rem&#8221; global_colors_info=&#8221;{}&#8221;]<\/p>\n<p><a href=\"https:\/\/kumisionchamoru.guam.gov\/wp-content\/uploads\/2024\/07\/lista_1-_i_sengsong_siha_0.pdf\" target=\"_blank\" rel=\"noopener\">Lista 1: I Sengsong Siha<\/a><\/p>\n<p><a href=\"https:\/\/kumisionchamoru.guam.gov\/wp-content\/uploads\/2024\/07\/lista_2-_tano_laguas_yan_gani_0.pdf\" target=\"_blank\" rel=\"noopener\">Lista 2: T\u00e5no&#8217; L\u00e5guas yan G\u00e5ni<\/a><\/p>\n<p><a href=\"https:\/\/kumisionchamoru.guam.gov\/wp-content\/uploads\/2024\/07\/lista_3-_fruta.pdf\" target=\"_blank\" rel=\"noopener\">Lista 3: Fruta<\/a><\/p>\n<p><a href=\"https:\/\/kumisionchamoru.guam.gov\/wp-content\/uploads\/2024\/07\/lista_4-_gollai.pdf\" target=\"_blank\" rel=\"noopener\">Lista 4: Gollai<\/a><\/p>\n<p><a href=\"https:\/\/kumisionchamoru.guam.gov\/wp-content\/uploads\/2024\/07\/lista_5-_chinalek.pdf\" target=\"_blank\" rel=\"noopener\">Lista 5: CHinalek<\/a><\/p>\n<p><a href=\"https:\/\/kumisionchamoru.guam.gov\/wp-content\/uploads\/2024\/07\/lista_6-_sensia.pdf\" target=\"_blank\" rel=\"noopener\">Lista 6: Sensia<\/a><\/p>\n<p><a href=\"https:\/\/kumisionchamoru.guam.gov\/wp-content\/uploads\/2024\/07\/lista_7-_kontra_palabra_unu.pdf\" target=\"_blank\" rel=\"noopener\">Lista 7: Kontra Pal\u00e5bra Unu<\/a><\/p>\n<p><a href=\"https:\/\/kumisionchamoru.guam.gov\/wp-content\/uploads\/2024\/07\/lista_8-_kontra_palabra_dos.pdf\" target=\"_blank\" rel=\"noopener\">Lista 8: Kontra Pal\u00e5bra Dos<\/a><\/p>\n<p>[\/et_pb_text][\/et_pb_column][et_pb_column type=&#8221;1_3&#8243; _builder_version=&#8221;4.27.0&#8243; _module_preset=&#8221;default&#8221; global_colors_info=&#8221;{}&#8221;][et_pb_text _builder_version=&#8221;4.27.0&#8243; _module_preset=&#8221;default&#8221; text_font=&#8221;&#8211;et_global_body_font||||||||&#8221; text_text_color=&#8221;#000000&#8243; text_font_size=&#8221;1rem&#8221; link_font=&#8221;||||on||||&#8221; header_2_font=&#8221;Montserrat|600|||||||&#8221; header_2_text_color=&#8221;#F89750&#8243; header_2_font_size=&#8221;1.6rem&#8221; header_3_font=&#8221;Montserrat|600|||||||&#8221; header_3_font_size=&#8221;1.4rem&#8221; global_colors_info=&#8221;{}&#8221;]<\/p>\n<p><a href=\"https:\/\/kumisionchamoru.guam.gov\/wp-content\/uploads\/2024\/07\/lista_9-_kontra_palabra_tres.pdf\" target=\"_blank\" rel=\"noopener\">Lista 9: Kontra Pal\u00e5bra Tres<\/a><\/p>\n<p><a href=\"https:\/\/kumisionchamoru.guam.gov\/wp-content\/uploads\/2024\/07\/lista_10-_inarespeta.pdf\" target=\"_blank\" rel=\"noopener\">Lista 10: Inarespeta<\/a><\/p>\n<p><a href=\"https:\/\/kumisionchamoru.guam.gov\/wp-content\/uploads\/2024\/07\/lista_11-_inafamaolek.pdf\" target=\"_blank\" rel=\"noopener\">Lista 11: Inafa&#8217;maolek<\/a><\/p>\n<p><a href=\"https:\/\/kumisionchamoru.guam.gov\/wp-content\/uploads\/2024\/07\/lista_12-_inadanna.pdf\" target=\"_blank\" rel=\"noopener\">Lista 12: Inadan\u00f1a&#8217;<\/a><\/p>\n<p><a href=\"https:\/\/kumisionchamoru.guam.gov\/wp-content\/uploads\/2024\/07\/listan_palabra_13_patten_i_taotao.pdf\" target=\"_blank\" rel=\"noopener\">Lista 13: P\u00e5tten I Taotao<\/a><\/p>\n<p><a href=\"https:\/\/kumisionchamoru.guam.gov\/wp-content\/uploads\/2024\/07\/14_put_aksion_aksion_humugando.pdf\" target=\"_blank\" rel=\"noopener\">Lista 14: Aksi\u00f3n Humug\u00e5ndo<\/a><\/p>\n<p><a href=\"https:\/\/kumisionchamoru.guam.gov\/wp-content\/uploads\/2024\/07\/17_listan_palabra_aksion_taotao.pdf\" target=\"_blank\" rel=\"noopener\">Lista 15: Aksi\u00f3n Taotao<\/a><\/p>\n<p><a href=\"https:\/\/kumisionchamoru.guam.gov\/wp-content\/uploads\/2024\/07\/18_aksion_fasu.pdf\" target=\"_blank\" rel=\"noopener\">Lista 16: Aksi\u00f3n F\u00e5su<\/a><\/p>\n<p>[\/et_pb_text][\/et_pb_column][et_pb_column type=&#8221;1_3&#8243; _builder_version=&#8221;4.27.0&#8243; _module_preset=&#8221;default&#8221; global_colors_info=&#8221;{}&#8221;][et_pb_text _builder_version=&#8221;4.27.0&#8243; _module_preset=&#8221;default&#8221; text_font=&#8221;&#8211;et_global_body_font||||||||&#8221; text_text_color=&#8221;#000000&#8243; text_font_size=&#8221;1rem&#8221; link_font=&#8221;||||on||||&#8221; header_2_font=&#8221;Montserrat|600|||||||&#8221; header_2_text_color=&#8221;#F89750&#8243; header_2_font_size=&#8221;1.6rem&#8221; header_3_font=&#8221;Montserrat|600|||||||&#8221; header_3_font_size=&#8221;1.4rem&#8221; global_colors_info=&#8221;{}&#8221;]<\/p>\n<p><a href=\"https:\/\/kumisionchamoru.guam.gov\/wp-content\/uploads\/2024\/07\/19_listan_palabra_kinalamten_gi_i_lancho.pdf\" target=\"_blank\" rel=\"noopener\">Lista 17: Kinalamten gi i Lancho<\/a><\/p>\n<p><a href=\"https:\/\/kumisionchamoru.guam.gov\/wp-content\/uploads\/2024\/07\/20_listan_palabra_kinalamten_gi_tasi_.pdf\" target=\"_blank\" rel=\"noopener\">Lista 18: Kinalamten gi i Tasi<\/a><\/p>\n<p><a href=\"https:\/\/kumisionchamoru.guam.gov\/wp-content\/uploads\/2024\/07\/21_listan_palabra_gi_i_gima.pdf\" target=\"_blank\" rel=\"noopener\">Lista 19: Kinalamten gi i Gima&#8217;<\/a><\/p>\n<p><a href=\"https:\/\/kumisionchamoru.guam.gov\/wp-content\/uploads\/2024\/07\/ufisinan_magalahi__1_1.pdf\" target=\"_blank\" rel=\"noopener\">Lista 20: N\u00e5&#8217;an CHamoru para Dip\u00e5ttamento yan Ah\u00e9nsian Gu\u00e5han Siha<\/a><\/p>\n<p><a href=\"https:\/\/kumisionchamoru.guam.gov\/wp-content\/uploads\/2024\/07\/praktika_practice_apply_put_into_application.pdf\" target=\"_blank\" rel=\"noopener\">Lista 21: Mes CHamoru<\/a><\/p>\n<p><a href=\"https:\/\/kumisionchamoru.guam.gov\/wp-content\/uploads\/2024\/07\/pusision_gi_checho_1.pdf\" target=\"_blank\" rel=\"noopener\">Lista 22: Pusisi\u00f3n gi CHe&#8217;cho&#8217;<\/a><\/p>\n<p><a href=\"https:\/\/kumisionchamoru.guam.gov\/wp-content\/uploads\/2024\/07\/listan_palabra_siha_1.pdf\" target=\"_blank\" rel=\"noopener\">Lista 23: Listan I Na&#8217;an Tekngo&#8217; CHamoru<\/a><\/p>\n<p><a href=\"https:\/\/kumisionchamoru.guam.gov\/wp-content\/uploads\/2024\/07\/listan_palabra_siha.pdf\" target=\"_blank\" rel=\"noopener\">Lista 24: Listan I Na&#8217;an Attistan CHamoru<\/a><\/p>\n<p>[\/et_pb_text][\/et_pb_column][\/et_pb_row][\/et_pb_section][et_pb_section fb_built=&#8221;1&#8243; _builder_version=&#8221;4.27.2&#8243; _module_preset=&#8221;default&#8221; custom_padding=&#8221;0px||||false|false&#8221; locked=&#8221;off&#8221; global_colors_info=&#8221;{}&#8221;][et_pb_row _builder_version=&#8221;4.27.0&#8243; _module_preset=&#8221;default&#8221; global_colors_info=&#8221;{}&#8221;][et_pb_column type=&#8221;4_4&#8243; _builder_version=&#8221;4.27.0&#8243; _module_preset=&#8221;default&#8221; global_colors_info=&#8221;{}&#8221;][et_pb_text _builder_version=&#8221;4.27.4&#8243; _module_preset=&#8221;default&#8221; text_font=&#8221;Helvetica Bold|300|||||||&#8221; text_font_size=&#8221;30px&#8221; text_line_height=&#8221;30px&#8221; global_colors_info=&#8221;{}&#8221;]<\/p>\n<p>Ginen i Hila&#8217; i Ma\u00f1aina-ta: Rinikohen Tiningo&#8217; yan Sinangan Siha (CHamoru Cultural Dictionary Project)<\/p>\n<p>[\/et_pb_text][et_pb_text _builder_version=&#8221;4.27.0&#8243; _module_preset=&#8221;default&#8221; text_font=&#8221;&#8211;et_global_body_font||||||||&#8221; text_text_color=&#8221;#000000&#8243; text_font_size=&#8221;1rem&#8221; header_2_font=&#8221;Montserrat|600|||||||&#8221; header_2_text_color=&#8221;#F89750&#8243; header_2_font_size=&#8221;1.6rem&#8221; header_3_font=&#8221;Montserrat|600|||||||&#8221; header_3_font_size=&#8221;1.4rem&#8221; global_colors_info=&#8221;{}&#8221;]<\/p>\n<p>The Kumision is proud to present Ginen i Hila&#8217; i Ma\u00f1aina-ta: Rinikohen Tiningo&#8217; yan Sinangan Siha, the CHamoru Cultural Dictionary project Volume 1. In addition to the publishing of the CHamoru Cultural Dictionary, the Kumision, with the support of Humanities Guahan, hosted a book launch, and three online classes dealing with the Cultural Dictionary project. Link are provided below:<\/p>\n<p>DOWNLOAD Ginen I Hila&#8217; i Ma\u00f1aina-ta: Rinikohen Tiningo&#8217; yan Sinangan Siha (CHamoru Cultural Dictionary Project)<\/p>\n<p>[\/et_pb_text][\/et_pb_column][\/et_pb_row][et_pb_row column_structure=&#8221;1_3,1_3,1_3&#8243; _builder_version=&#8221;4.27.0&#8243; _module_preset=&#8221;default&#8221; locked=&#8221;off&#8221; global_colors_info=&#8221;{}&#8221;][et_pb_column type=&#8221;1_3&#8243; _builder_version=&#8221;4.27.0&#8243; _module_preset=&#8221;default&#8221; global_colors_info=&#8221;{}&#8221;][et_pb_video src=&#8221;https:\/\/www.youtube.com\/watch?v=nkZzVQV9axU&#8221; _builder_version=&#8221;4.27.0&#8243; _module_preset=&#8221;default&#8221; custom_margin=&#8221;||10px||false|false&#8221; custom_padding=&#8221;0px||0px||true|false&#8221; global_colors_info=&#8221;{}&#8221;][\/et_pb_video][et_pb_text _builder_version=&#8221;4.27.0&#8243; _module_preset=&#8221;default&#8221; text_font=&#8221;&#8211;et_global_body_font|600|||||||&#8221; text_font_size=&#8221;0.9rem&#8221; text_orientation=&#8221;center&#8221; custom_padding=&#8221;0px||0px||true|false&#8221; global_colors_info=&#8221;{}&#8221;]Ginen i Hila&#8217; i Ma\u00f1aina-ta: Rinikohen Tiningo&#8217; yan Sinangan Siha Book Launch[\/et_pb_text][\/et_pb_column][et_pb_column type=&#8221;1_3&#8243; _builder_version=&#8221;4.27.0&#8243; _module_preset=&#8221;default&#8221; global_colors_info=&#8221;{}&#8221;][et_pb_video src=&#8221;https:\/\/www.youtube.com\/watch?v=SpomAOtJwm8&#8243; _builder_version=&#8221;4.27.0&#8243; _module_preset=&#8221;default&#8221; custom_margin=&#8221;||10px||false|false&#8221; custom_padding=&#8221;0px||0px||true|false&#8221; global_colors_info=&#8221;{}&#8221;][\/et_pb_video][et_pb_text _builder_version=&#8221;4.27.0&#8243; _module_preset=&#8221;default&#8221; text_font=&#8221;&#8211;et_global_body_font|600|||||||&#8221; text_font_size=&#8221;0.9rem&#8221; text_orientation=&#8221;center&#8221; custom_padding=&#8221;0px||0px||true|false&#8221; global_colors_info=&#8221;{}&#8221;]Kuentos 1: Ginen i Hila&#8217; i Ma\u00f1aina ta &#8211; Rinikohen Tiningo&#8217; yan Sinangan Siha[\/et_pb_text][\/et_pb_column][et_pb_column type=&#8221;1_3&#8243; _builder_version=&#8221;4.27.0&#8243; _module_preset=&#8221;default&#8221; global_colors_info=&#8221;{}&#8221;][et_pb_video src=&#8221;https:\/\/www.youtube.com\/watch?v=p4zGAqf3vCc&#8221; _builder_version=&#8221;4.27.0&#8243; _module_preset=&#8221;default&#8221; custom_margin=&#8221;||10px||false|false&#8221; custom_padding=&#8221;0px||0px||true|false&#8221; global_colors_info=&#8221;{}&#8221;][\/et_pb_video][et_pb_text _builder_version=&#8221;4.27.0&#8243; _module_preset=&#8221;default&#8221; text_font=&#8221;&#8211;et_global_body_font|600|||||||&#8221; text_font_size=&#8221;0.9rem&#8221; text_orientation=&#8221;center&#8221; custom_padding=&#8221;0px||0px||true|false&#8221; global_colors_info=&#8221;{}&#8221;]Kuentos 2: Ginen i Hila&#8217; i Ma\u00f1aina ta &#8211; Rinikohen Tiningo&#8217; yan Sinangan Siha[\/et_pb_text][\/et_pb_column][\/et_pb_row][et_pb_row column_structure=&#8221;1_3,1_3,1_3&#8243; _builder_version=&#8221;4.27.0&#8243; _module_preset=&#8221;default&#8221; locked=&#8221;off&#8221; global_colors_info=&#8221;{}&#8221;][et_pb_column type=&#8221;1_3&#8243; _builder_version=&#8221;4.27.0&#8243; _module_preset=&#8221;default&#8221; global_colors_info=&#8221;{}&#8221;][et_pb_video src=&#8221;https:\/\/www.youtube.com\/watch?v=f38mK-iSyFw&#8221; _builder_version=&#8221;4.27.0&#8243; _module_preset=&#8221;default&#8221; custom_margin=&#8221;||10px||false|false&#8221; custom_padding=&#8221;0px||0px||true|false&#8221; global_colors_info=&#8221;{}&#8221;][\/et_pb_video][et_pb_text _builder_version=&#8221;4.27.0&#8243; _module_preset=&#8221;default&#8221; text_font=&#8221;&#8211;et_global_body_font|600|||||||&#8221; text_font_size=&#8221;0.9rem&#8221; text_orientation=&#8221;center&#8221; custom_padding=&#8221;0px||0px||true|false&#8221; global_colors_info=&#8221;{}&#8221;]Kuentos 3: Ginen i Hila&#8217; i Ma\u00f1aina ta &#8211; Rinikohen Tiningo&#8217; yan Sinangan Siha[\/et_pb_text][\/et_pb_column][et_pb_column type=&#8221;1_3&#8243; _builder_version=&#8221;4.27.0&#8243; _module_preset=&#8221;default&#8221; global_colors_info=&#8221;{}&#8221;][\/et_pb_column][et_pb_column type=&#8221;1_3&#8243; _builder_version=&#8221;4.27.0&#8243; _module_preset=&#8221;default&#8221; global_colors_info=&#8221;{}&#8221;][\/et_pb_column][\/et_pb_row][\/et_pb_section]<\/p>\n","protected":false},"excerpt":{"rendered":"<p>Rinikohen RikuetdoCHamoru ArchivesBinaban i Sagan Finamta\u2019Listan Pal\u00e5bran Tan \u00c5nan GarciaClick to view Listan Pal\u00e5bran Tan \u00c5nan GarciaFino\u2019 CHamoru P\u00e5\u2019go (CHamoru Word Lists)Lista 1: I Sengsong Siha Lista 2: T\u00e5no&#8217; L\u00e5guas yan G\u00e5ni Lista 3: Fruta Lista 4: Gollai Lista 5: CHinalek Lista 6: Sensia Lista 7: Kontra Pal\u00e5bra Unu Lista 8: Kontra Pal\u00e5bra DosLista 9: [&hellip;]<\/p>\n","protected":false},"author":5,"featured_media":0,"parent":0,"menu_order":0,"comment_status":"closed","ping_status":"closed","template":"","meta":{"_acf_changed":false,"_et_pb_use_builder":"on","_et_pb_old_content":"","_et_gb_content_width":"","footnotes":""},"class_list":["post-1778","page","type-page","status-publish","hentry"],"acf":[],"_links":{"self":[{"href":"https:\/\/dev2.idealguam.com\/kumision\/wp-json\/wp\/v2\/pages\/1778","targetHints":{"allow":["GET"]}}],"collection":[{"href":"https:\/\/dev2.idealguam.com\/kumision\/wp-json\/wp\/v2\/pages"}],"about":[{"href":"https:\/\/dev2.idealguam.com\/kumision\/wp-json\/wp\/v2\/types\/page"}],"author":[{"embeddable":true,"href":"https:\/\/dev2.idealguam.com\/kumision\/wp-json\/wp\/v2\/users\/5"}],"replies":[{"embeddable":true,"href":"https:\/\/dev2.idealguam.com\/kumision\/wp-json\/wp\/v2\/comments?post=1778"}],"version-history":[{"count":7,"href":"https:\/\/dev2.idealguam.com\/kumision\/wp-json\/wp\/v2\/pages\/1778\/revisions"}],"predecessor-version":[{"id":2825,"href":"https:\/\/dev2.idealguam.com\/kumision\/wp-json\/wp\/v2\/pages\/1778\/revisions\/2825"}],"wp:attachment":[{"href":"https:\/\/dev2.idealguam.com\/kumision\/wp-json\/wp\/v2\/media?parent=1778"}],"curies":[{"name":"wp","href":"https:\/\/api.w.org\/{rel}","templated":true}]}}