{"id":2159,"date":"2025-02-20T00:02:26","date_gmt":"2025-02-20T00:02:26","guid":{"rendered":"https:\/\/dev2.idealguam.com\/kumision\/?page_id=2159"},"modified":"2025-03-06T13:11:13","modified_gmt":"2025-03-06T13:11:13","slug":"naan-lugat-guam-place-names","status":"publish","type":"page","link":"https:\/\/dev2.idealguam.com\/kumision\/naan-lugat-guam-place-names\/","title":{"rendered":"N\u00e5\u2019an Lug\u00e5t (Guam Place Names)"},"content":{"rendered":"<p>[et_pb_section fb_built=&#8221;1&#8243; _builder_version=&#8221;4.27.4&#8243; _module_preset=&#8221;default&#8221; background_image=&#8221;https:\/\/dev2.idealguam.com\/kumision\/wp-content\/uploads\/2025\/03\/Utugrafihan-CHamoru-Guahan_Header-BG_w1980.jpg&#8221; custom_margin=&#8221;||0px||false|false&#8221; custom_padding=&#8221;0px||0px||false|false&#8221; global_colors_info=&#8221;{}&#8221;][et_pb_row make_equal=&#8221;on&#8221; _builder_version=&#8221;4.27.4&#8243; _module_preset=&#8221;default&#8221; width=&#8221;100%&#8221; max_width=&#8221;100%&#8221; custom_padding=&#8221;50px||50px||false|false&#8221; global_colors_info=&#8221;{}&#8221;][et_pb_column type=&#8221;4_4&#8243; _builder_version=&#8221;4.27.4&#8243; _module_preset=&#8221;default&#8221; custom_padding=&#8221;100px||100px||false|false&#8221; custom_css_main_element=&#8221;align-self: center;&#8221; border_style_all=&#8221;none&#8221; border_width_right=&#8221;1px&#8221; border_color_right=&#8221;#FFFFFF&#8221; global_colors_info=&#8221;{}&#8221;][et_pb_text _builder_version=&#8221;4.27.4&#8243; _module_preset=&#8221;default&#8221; text_font=&#8221;Bebas Neue||||||||&#8221; text_text_color=&#8221;#FFFFFF&#8221; text_font_size=&#8221;50px&#8221; text_line_height=&#8221;50px&#8221; text_orientation=&#8221;center&#8221; custom_margin=&#8221;0px||0px||false|false&#8221; custom_padding=&#8221;0px||0px||false|false&#8221; hover_enabled=&#8221;0&#8243; global_colors_info=&#8221;{}&#8221; sticky_enabled=&#8221;0&#8243;]<\/p>\n<p>N\u00e5\u2019an Lug\u01fbt<\/p>\n<p>[\/et_pb_text][et_pb_text _builder_version=&#8221;4.27.4&#8243; _module_preset=&#8221;default&#8221; text_font=&#8221;Helvetica Regular||on||||||&#8221; text_text_color=&#8221;#FFFFFF&#8221; text_font_size=&#8221;26px&#8221; text_line_height=&#8221;26px&#8221; text_orientation=&#8221;center&#8221; custom_margin=&#8221;0px||0px||false|false&#8221; custom_padding=&#8221;0px||0px||false|false&#8221; global_colors_info=&#8221;{}&#8221;]<\/p>\n<p>Guam Place Names<\/p>\n<p>[\/et_pb_text][\/et_pb_column][\/et_pb_row][\/et_pb_section][et_pb_section fb_built=&#8221;1&#8243; _builder_version=&#8221;4.27.0&#8243; _module_preset=&#8221;default&#8221; global_colors_info=&#8221;{}&#8221;][et_pb_row _builder_version=&#8221;4.27.2&#8243; _module_preset=&#8221;default&#8221; custom_margin=&#8221;0px||0px||true|false&#8221; custom_padding=&#8221;0px||0px||true|false&#8221; global_colors_info=&#8221;{}&#8221;][et_pb_column type=&#8221;4_4&#8243; _builder_version=&#8221;4.27.2&#8243; _module_preset=&#8221;default&#8221; global_colors_info=&#8221;{}&#8221;][et_pb_text _builder_version=&#8221;4.27.4&#8243; _module_preset=&#8221;default&#8221; text_font=&#8221;Helvetica Bold|700|||||||&#8221; text_text_color=&#8221;#333333&#8243; text_font_size=&#8221;26px&#8221; text_line_height=&#8221;26px&#8221; custom_margin=&#8221;0px|0px|0px|0px|false|false&#8221; custom_padding=&#8221;0px|0px|0px|0px|false|false&#8221; hover_enabled=&#8221;0&#8243; global_colors_info=&#8221;{}&#8221; sticky_enabled=&#8221;0&#8243;]Atorid\u01fbt[\/et_pb_text][et_pb_text _builder_version=&#8221;4.27.4&#8243; _module_preset=&#8221;default&#8221; text_font=&#8221;&#8211;et_global_body_font||on||||||&#8221; text_text_color=&#8221;#333333&#8243; text_font_size=&#8221;20px&#8221; text_line_height=&#8221;20px&#8221; custom_margin=&#8221;10px||20px||false|false&#8221; global_colors_info=&#8221;{}&#8221;]<\/p>\n<p>Scope of Authority<\/p>\n<p>[\/et_pb_text][et_pb_text _builder_version=&#8221;4.27.4&#8243; _module_preset=&#8221;default&#8221; text_text_color=&#8221;#333333&#8243; text_font_size=&#8221;16px&#8221; text_line_height=&#8221;24px&#8221; global_colors_info=&#8221;{}&#8221;]<\/p>\n<p>Indigenous CHamoru place names contain cultural\u202d, \u202chistorical\u202d, \u202cand environmental information that reveal much about our people\u2019s relationship to place over time\u202d.\u202c As place names are forgotten or replaced\u202d, \u202cimportant historical knowledge that can support our efforts to reclaim and reinforce the CHamoru heritage are lost forever\u202d. \u202cIn order to advance the cause of CHamoru revitalization and cultural self-determination\u202d,\u202c the Kumisi\u00f3n has for many years made a concerted effort to advocate for the per\u202dpetuation of indigenous place names\u202d. \u202cWhen the Gu\u00e5han Legislature enacted Public\u202d \u202cLaw 33-236\u202d, \u202cthe Kumisi\u00f3n i Fino\u2019 CHamoru was also charged with serving as the Kumisi\u00f3n i Na\u2019an Lug\u01fbt\u202d (\u202cGuam Place Name Commission\u202d).\u202c<br \/>\u202c<br \/>The duties and responsibilities outlined in the Guam Code Annotated Section 88105\u202d (\u202cl\u202d)\u202c and\u202d (\u202cm\u202d) \u202cprovide legal support to the efforts of the Kumisi\u00f3n to revive\u202d, \u202creinforce\u202d, \u202cand perpetuate the CHamoru language and culture through place naming\u202d. \u202cThe Kumisi\u00f3n oversees and approves all of the proposed changes, alterations\u202d, \u202cor renaming of place names in Gu\u00e5han through it\u2019s <br \/>Kumit\u00e9han\u202d Na\u2019an Lug\u01fbt\u202d. \u202c<\/p>\n<p>While the Kumisi\u00f3n has been charged with the restoration of indigenous place names\u202d,\u202c there are limits to our jurisdiction. \u202cWe have no formal role in deciding the names of roads\u202d, \u202cschools\u202d, \u202cvillages\u202d, \u202cor the boundaries between municipalities\u202d. \u202cPublic facilities or named areas like parks are usually designated by the Guam Legislature\u202d. The Kumisi\u00f3n does, however, have jurisdiction over the naming of rivers and streams\u202d, \u202csummits\u202d, \u202carea\u202d\/\u202clocale\u202d, \u202csprings\/water basins\u202d, \u202cbeaches\u202d, \u202cbays\u202d, \u202cvalleys\u202d, \u202ccapes\/points\u202d, \u202cplanned unit\u202d \u202cdevelopments\u202d, \u202cand commonly-used names\u202d. \u202cThis is consistent with the use of the term \u201c\u202cgeographical features\u201d as used by the Board of Geographic Names\u202d (\u202cBGN\u202d) \u202cof the\u202d \u202cUS\u202d \u202cGeological\u202d \u202cSurvey\u202d. \u202c<\/p>\n<p>Political jurisdictions like the municipalities\u202d (\u202cor villages\u202d) \u202cor the island itself\u202d (\u202cGuam\u202d, \u202cnot Gu\u00e5han\u202d) \u202cwill only change if accompanied by legal action from the Government of Guam\u202d. \u202cThe recent changes to five village names have been submitted in accordance with Guam Public Law\u202d. \u202cThe name change to Hag\u00e5t\u00f1a will automatically change to Hag\u00e5t\u00f1a River\u202d, \u202cbut will not affect Agana Heights\u202d. \u202cThe river is a geograph\u202dical feature whereas the latter is a political jurisdiction\u202d.<\/p>\n<p>[\/et_pb_text][\/et_pb_column][\/et_pb_row][\/et_pb_section][et_pb_section fb_built=&#8221;1&#8243; _builder_version=&#8221;4.27.4&#8243; _module_preset=&#8221;default&#8221; custom_padding=&#8221;0px||||false|false&#8221; global_colors_info=&#8221;{}&#8221;][et_pb_row _builder_version=&#8221;4.27.2&#8243; _module_preset=&#8221;default&#8221; custom_margin=&#8221;0px||0px||true|false&#8221; custom_padding=&#8221;0px||0px||true|false&#8221; global_colors_info=&#8221;{}&#8221;][et_pb_column type=&#8221;4_4&#8243; _builder_version=&#8221;4.27.2&#8243; _module_preset=&#8221;default&#8221; global_colors_info=&#8221;{}&#8221;][et_pb_text _builder_version=&#8221;4.27.4&#8243; _module_preset=&#8221;default&#8221; text_font=&#8221;Helvetica Bold||||||||&#8221; text_text_color=&#8221;#333333&#8243; text_font_size=&#8221;26px&#8221; text_line_height=&#8221;26px&#8221; custom_margin=&#8221;0px|0px|0px|0px|false|false&#8221; custom_padding=&#8221;0px|0px|0px|0px|false|false&#8221; global_colors_info=&#8221;{}&#8221;]<\/p>\n<p>US Geological Survey<\/p>\n<p>[\/et_pb_text][et_pb_text _builder_version=&#8221;4.27.4&#8243; _module_preset=&#8221;default&#8221; text_font=&#8221;&#8211;et_global_body_font||on||||||&#8221; text_text_color=&#8221;#333333&#8243; text_font_size=&#8221;20px&#8221; text_line_height=&#8221;20px&#8221; custom_margin=&#8221;10px||20px||false|false&#8221; global_colors_info=&#8221;{}&#8221;]<\/p>\n<p>Guam Hydrologic Survey<\/p>\n<p>[\/et_pb_text][et_pb_text _builder_version=&#8221;4.27.4&#8243; _module_preset=&#8221;default&#8221; text_text_color=&#8221;#333333&#8243; text_font_size=&#8221;16px&#8221; text_line_height=&#8221;24px&#8221; global_colors_info=&#8221;{}&#8221;]<\/p>\n<p>The US Board of Geographic Names\u202d (\u202cBGN\u202d) \u202cwas first established in 1890\u202d \u202cand formed by Public Law\u202d (\u202c80-242\u202d) \u202cin 1947\u202d. \u202cThe main purpose is to maintain uniform geographic name usage throughout the Federal Government\u202d. \u202cThe BGN is under the United States Geological Survey\u202d, \u202cDepartment of Interior\u202d. \u202cIn carrying out its functions\u202d, \u202cthe Geographic Names Information System\u202d (\u202cGNIS\u202d) \u202cmaintains the list of geographic names\u202d. \u202cGeographic names generally apply to rivers\u202d, \u202ccoastlines\u202d, \u202ctraditional places\u202d,\u202c mountains\u202d, \u202cand other geographic features\u202d. \u202cThey do not apply to political jurisdictions unless there is specific political action via legislation\u202d. \u202cGeographic names do not apply to official designations for buildings\u202d, \u202cparks\u202d, \u202cor facilities\u202d.<\/p>\n<p>\u202cAs agreed in a meeting on July 27\u202d, \u202c2022\u202d, \u202cthe Kumisi\u00f3n i Fino\u2019 CHamoru is now officially recognized as the body from which the BGN will receive information regarding geographic names for Guam\u202d. \u202cHistorically\u202d, \u202cthey received input from a\u202d \u202cvariety of sources including the Department of Defense and the Department of Interior\u202d. \u202cAny information regarding official changes and future geographic changes will be accepted by the BGN Census Bureau\u202d \/ \u202cCivil Division if they come from the Kumisi\u00f3n\u202d.\u202c<\/p>\n<p>Future federal government maps and information as listed in the GNIS will follow the decisions of the Kumisi\u00f3n if the Kumisi\u00f3n proceeds in accordance with its own processes as required by Guam Public Law\u202d. \u202cInternet mapping will likely follow the\u202d \u202clead of the Kumisi\u00f3n as\u202d \u202creflected in the GNIS\u202d.<\/p>\n<p>[\/et_pb_text][\/et_pb_column][\/et_pb_row][\/et_pb_section]<\/p>\n","protected":false},"excerpt":{"rendered":"<p>N\u00e5\u2019an Lug\u01fbtGuam Place NamesAtorid\u01fbtScope of AuthorityIndigenous CHamoru place names contain cultural\u202d, \u202chistorical\u202d, \u202cand environmental information that reveal much about our people\u2019s relationship to place over time\u202d.\u202c As place names are forgotten or replaced\u202d, \u202cimportant historical knowledge that can support our efforts to reclaim and reinforce the CHamoru heritage are lost forever\u202d. \u202cIn order to advance [&hellip;]<\/p>\n","protected":false},"author":5,"featured_media":0,"parent":0,"menu_order":0,"comment_status":"closed","ping_status":"closed","template":"","meta":{"_acf_changed":false,"_et_pb_use_builder":"on","_et_pb_old_content":"<p>[et_pb_section fb_built=\"1\" _builder_version=\"4.27.4\" _module_preset=\"default\" background_enable_color=\"off\" use_background_color_gradient=\"on\" background_color_gradient_stops=\"rgba(3,58,104,0.03) 0%|rgba(0,5,58,0.69) 100%\" background_color_gradient_overlays_image=\"on\" background_image=\"https:\/\/kumisionchamoru.guam.gov\/wp-content\/uploads\/2024\/07\/banner1.jpg\" parallax=\"on\" custom_margin=\"||||false|false\" custom_padding=\"50px||50px||true|false\" filter_brightness=\"131%\" global_colors_info=\"{}\"][et_pb_row _builder_version=\"4.27.0\" _module_preset=\"default\" global_colors_info=\"{}\"][et_pb_column type=\"4_4\" _builder_version=\"4.27.0\" _module_preset=\"default\" global_colors_info=\"{}\"][et_pb_text _builder_version=\"4.27.4\" _dynamic_attributes=\"content\" _module_preset=\"default\" text_font=\"Oswald|300|||||||\" text_text_color=\"#FFFFFF\" text_font_size=\"50px\" text_line_height=\"50px\" header_font=\"Montserrat|700|||||||\" header_text_align=\"center\" header_text_color=\"#FFFFFF\" header_font_size=\"3rem\" global_colors_info=\"{}\"]@ET-DC@eyJkeW5hbWljIjp0cnVlLCJjb250ZW50IjoicG9zdF90aXRsZSIsInNldHRpbmdzIjp7ImJlZm9yZSI6IiIsImFmdGVyIjoiIn19@[\/et_pb_text][\/et_pb_column][\/et_pb_row][\/et_pb_section][et_pb_section fb_built=\"1\" _builder_version=\"4.27.0\" _module_preset=\"default\" global_colors_info=\"{}\"][et_pb_row _builder_version=\"4.27.2\" _module_preset=\"default\" custom_margin=\"0px||0px||true|false\" custom_padding=\"0px||0px||true|false\" global_colors_info=\"{}\"][et_pb_column type=\"4_4\" _builder_version=\"4.27.2\" _module_preset=\"default\" global_colors_info=\"{}\"][et_pb_text _builder_version=\"4.27.4\" _module_preset=\"default\" text_font=\"Oswald|300|||||||\" text_text_color=\"#333333\" text_font_size=\"30px\" text_line_height=\"30px\" custom_margin=\"0px|0px|0px|0px|false|false\" custom_padding=\"0px|0px|0px|0px|false|false\" hover_enabled=\"0\" global_colors_info=\"{}\" sticky_enabled=\"0\"]<\/p><p>Pinila\u2019<\/p><p>[\/et_pb_text][et_pb_text _builder_version=\"4.27.4\" _module_preset=\"default\" text_font=\"Cardo||on||||||\" text_text_color=\"#333333\" text_font_size=\"20px\" text_line_height=\"20px\" custom_margin=\"10px||20px||false|false\" hover_enabled=\"0\" global_colors_info=\"{}\" sticky_enabled=\"0\"]<\/p><p>Translation<\/p><p>[\/et_pb_text][et_pb_text _builder_version=\"4.27.4\" _module_preset=\"default\" text_text_color=\"#333333\" text_font_size=\"16px\" text_line_height=\"24px\" hover_enabled=\"0\" global_colors_info=\"{}\" sticky_enabled=\"0\"]<\/p><p>CHamoru is one of Gu\u00e5han\u2019s two official languages. \u202cAs such\u202d, \u202cit needs to be\u202d \u202crecognized and utilized as an equal medium of communication in the public sector\u202d. \u202cThe tedious but important work of translating written English into CHamoru text in alignment with our orthography is a key component of\u202d \u202cbuilding CHamoru literacy\u202d. \u202cThe Kumisi\u00f3n provides translations to the Governor\u2019s Office and the Guam Legislature when needed. \u202cNumerous other requests for\u202d \u202cassistance from both public and private entities and individuals are received daily\u202d. \u202cWhile we are not able to provide translations for all requests\u202d, \u202cthe Kumisi\u00f3n\u2019s Fino\u2019 Committee does engage regularly in providing assistance or referring interested parties to a list of Board vetted CHamoru translators\u202d. The Kumisi\u00f3n offers a Seal of Affirmation to written translations that are in alignment with the Gu\u00e5han\u2019s Official CHamoru Orthography.<\/p><p>[\/et_pb_text][\/et_pb_column][\/et_pb_row][\/et_pb_section]<\/p>","_et_gb_content_width":"","footnotes":""},"class_list":["post-2159","page","type-page","status-publish","hentry"],"acf":[],"_links":{"self":[{"href":"https:\/\/dev2.idealguam.com\/kumision\/wp-json\/wp\/v2\/pages\/2159","targetHints":{"allow":["GET"]}}],"collection":[{"href":"https:\/\/dev2.idealguam.com\/kumision\/wp-json\/wp\/v2\/pages"}],"about":[{"href":"https:\/\/dev2.idealguam.com\/kumision\/wp-json\/wp\/v2\/types\/page"}],"author":[{"embeddable":true,"href":"https:\/\/dev2.idealguam.com\/kumision\/wp-json\/wp\/v2\/users\/5"}],"replies":[{"embeddable":true,"href":"https:\/\/dev2.idealguam.com\/kumision\/wp-json\/wp\/v2\/comments?post=2159"}],"version-history":[{"count":8,"href":"https:\/\/dev2.idealguam.com\/kumision\/wp-json\/wp\/v2\/pages\/2159\/revisions"}],"predecessor-version":[{"id":2984,"href":"https:\/\/dev2.idealguam.com\/kumision\/wp-json\/wp\/v2\/pages\/2159\/revisions\/2984"}],"wp:attachment":[{"href":"https:\/\/dev2.idealguam.com\/kumision\/wp-json\/wp\/v2\/media?parent=2159"}],"curies":[{"name":"wp","href":"https:\/\/api.w.org\/{rel}","templated":true}]}}